{"id":734,"date":"2021-12-28T17:27:43","date_gmt":"2021-12-28T17:27:43","guid":{"rendered":"https:\/\/linea-apoyotelefonico.amma-spain.org\/index.php\/clients\/"},"modified":"2022-08-19T10:50:29","modified_gmt":"2022-08-19T10:50:29","slug":"politica-privacidad","status":"publish","type":"page","link":"https:\/\/linea-apoyotelefonico.amma-spain.org\/index.php\/politica-privacidad\/","title":{"rendered":"Pol\u00edtica de privacidad"},"content":{"rendered":"\t\t<div data-elementor-type=\"wp-page\" data-elementor-id=\"734\" class=\"elementor elementor-734\">\n\t\t\t\t\t\t<section class=\"elementor-section elementor-top-section elementor-element elementor-element-515743d elementor-section-boxed elementor-section-height-default elementor-section-height-default\" data-id=\"515743d\" data-element_type=\"section\" data-settings=\"{&quot;background_background&quot;:&quot;classic&quot;}\">\n\t\t\t\t\t\t<div class=\"elementor-container elementor-column-gap-default\">\n\t\t\t\t\t<div class=\"elementor-column elementor-col-16 elementor-top-column elementor-element elementor-element-125a53e\" data-id=\"125a53e\" data-element_type=\"column\">\n\t\t\t<div class=\"elementor-widget-wrap\">\n\t\t\t\t\t\t\t<\/div>\n\t\t<\/div>\n\t\t\t\t<div class=\"elementor-column elementor-col-66 elementor-top-column elementor-element elementor-element-f39daef\" data-id=\"f39daef\" data-element_type=\"column\">\n\t\t\t<div class=\"elementor-widget-wrap elementor-element-populated\">\n\t\t\t\t\t\t<div class=\"elementor-element elementor-element-f124bce elementor-widget elementor-widget-spacer\" data-id=\"f124bce\" data-element_type=\"widget\" data-widget_type=\"spacer.default\">\n\t\t\t\t<div class=\"elementor-widget-container\">\n\t\t\t\t\t\t\t<div class=\"elementor-spacer\">\n\t\t\t<div class=\"elementor-spacer-inner\"><\/div>\n\t\t<\/div>\n\t\t\t\t\t\t<\/div>\n\t\t\t\t<\/div>\n\t\t\t\t<div class=\"elementor-element elementor-element-9819ef4 elementor-widget elementor-widget-heading\" data-id=\"9819ef4\" data-element_type=\"widget\" data-widget_type=\"heading.default\">\n\t\t\t\t<div class=\"elementor-widget-container\">\n\t\t\t\t\t<h2 class=\"elementor-heading-title elementor-size-default\">Pol\u00edtica de Privacidad<\/h2>\t\t\t\t<\/div>\n\t\t\t\t<\/div>\n\t\t\t\t<div class=\"elementor-element elementor-element-fbd9819 elementor-widget elementor-widget-text-editor\" data-id=\"fbd9819\" data-element_type=\"widget\" data-widget_type=\"text-editor.default\">\n\t\t\t\t<div class=\"elementor-widget-container\">\n\t\t\t\t\t\t\t\t\t<p>La protecci\u00f3n de sus datos personales es importante para nosotros, por ello la FUNDACI\u00d3N M.A. CENTER SPAIN ha adoptado una serie de medidas para la protecci\u00f3n de datos personales.<br \/>Como responsables del tratamiento, recabamos y tratamos sus datos personales en relaci\u00f3n con nuestras actividades. El prop\u00f3sito de esta Pol\u00edtica de Protecci\u00f3n de Datos es hacerle saber qu\u00e9 datos personales recogemos, las razones por las que los utilizamos y compartimos, el tiempo que los mantenemos, cu\u00e1les son sus derechos y c\u00f3mo pueden ejercerlos.<br \/>En algunos casos, cuando sea necesario, le proporcionaremos informaci\u00f3n adicional sobre el tratamiento de sus datos personales como, por ejemplo, cuando solicite un producto o servicio espec\u00edfico.<\/p><p>\u00a0<\/p><p><strong>\u00bfQU\u00c9 DATOS PERSONALES TRATAMOS?<\/strong><\/p><p>Recabamos y tratamos sus datos personales en el marco de nuestras actividades con el objetivo de lograr un alto nivel de personalizaci\u00f3n de los productos y servicios que le ofrecemos.\u00a0<\/p><p>Podemos recabar los siguientes tipos de datos personales sobre usted:<\/p><ul><li><strong>datos de car\u00e1cter identificativo<\/strong>\u00a0(por ejemplo, nombre, n\u00famero de identificaci\u00f3n, nacionalidad, lugar y direcci\u00f3n IP);<\/li><li><strong>informaci\u00f3n de contacto<\/strong>\u00a0(por ejemplo, direcci\u00f3n postal y direcci\u00f3n de correo electr\u00f3nico, n\u00famero de tel\u00e9fono);<\/li><li><strong>datos relativos al uso de nuestros productos<\/strong>;<\/li><li><strong>datos de sus interacciones con nosotros:<\/strong>\u00a0informes de contacto, nuestras p\u00e1ginas en redes sociales, correos electr\u00f3nicos.<\/li><\/ul><p>Nunca solicitamos datos personales relacionados con sus or\u00edgenes raciales o \u00e9tnicos, opiniones pol\u00edticas, creencias religiosas o filos\u00f3ficas, afiliaci\u00f3n sindical, datos gen\u00e9ticos, datos relativos a su orientaci\u00f3n sexual o datos relacionados con condenas e infracciones penales (datos del registro de antecedentes penales) a menos que sea por una obligaci\u00f3n legal.<\/p><p>\u00a0<\/p><p><strong>CASOS ESPEC\u00cdFICOS DE TRATAMIENTO DE DATOS PERSONALES, INCLUYENDO TRATAMIENTOS DE MANERA INDIRECTA<\/strong><\/p><p>En ciertas circunstancias, podemos recabar y tratar los datos personales de las personas con las que tenemos, podr\u00edamos tener o hemos tenido, una relaci\u00f3n directa, tales como:<\/p><ul><li>usuarios que acceden a nuestras p\u00e1ginas web;<\/li><li>potenciales o clientes existentes; o<\/li><li>asistentes a nuestros cursos o eventos relacionados con nuestra actividad.<\/li><\/ul><p>\u00a0<\/p><p><strong>\u00bfPOR QU\u00c9 Y CON QU\u00c9 LEGITIMACI\u00d3N UTILIZAMOS SUS DATOS PERSONALES?<\/strong><\/p><p>En ciertas circunstancias, podemos recabar y tratar los datos personales de las personas con las que tenemos, podr\u00edamos tener o hemos tenido, una relaci\u00f3n directa, tales como:<\/p><ol><li style=\"list-style-type: none;\"><ol><li><strong>Cumplimiento de obligaciones legales y regulatorias<\/strong><br \/>Podemos tratar su informaci\u00f3n personal para cumplir con diversas obligaciones legales y regulatorias, incluyendo:<ul><li>Ejecuci\u00f3n de un contrato (mercantil)<\/li><li>Obligaci\u00f3n legal (Real Decreto Legislativo 1\/2007, de 16 de noviembre y otras normas complementarias, C\u00f3digo de Comercio)<\/li><\/ul><\/li><\/ol><\/li><\/ol><ol><li style=\"list-style-type: none;\"><ol><li><strong>Ejecuci\u00f3n de un contrato<\/strong><br \/>Igualmente, tratamos su informaci\u00f3n personal para celebrar y ejecutar nuestros contratos mercantiles, incluyendo las siguientes finalidades:<ul><li>informaci\u00f3n sobre nuestros productos y servicios;<\/li><li>ayudarle y responder a sus peticiones<\/li><li>evaluar si podemos ofrecerle un producto o servicio y en qu\u00e9 condiciones; y<\/li><li>proporcionarle productos o servicios electr\u00f3nicos a nuestros clientes.<\/li><\/ul><\/li><\/ol><\/li><\/ol><ol><li><strong>Inter\u00e9s leg\u00edtimo<\/strong><br \/>Tratamos sus datos personales con el fin de comercializar nuestros productos o servicios, incluyendo:<ul><li>personalizar nuestra oferta de productos y servicios para usted o la entidad que representa<\/li><li>publicitar productos o servicios que coincidan con sus circunstancias y perfil, de acuerdo con su autorizaci\u00f3n expresa<\/li><\/ul><p>Si necesitamos llevar a cabo un tratamiento adicional para fines distintos de los enumerados en la secci\u00f3n 3, se le informar\u00e1 y, en su caso, obtendremos su consentimiento para realizar dicho tratamiento.<\/p><\/li><\/ol><p>\u00a0<\/p><p><strong>\u00bfCON QUI\u00c9N COMPARTIMOS SUS DATOS PERSONALES?<\/strong><\/p><p>Sus datos personales no se comparten con terceras partes. La \u00fanica excepci\u00f3n es bajo requerimiento de la autoridad judicial.<\/p><p>\u00a0<\/p><p><strong>\u00bfCU\u00c1NTO TIEMPO CONSERVAMOS SUS DATOS PERSONALES?<\/strong><\/p><p>Conservaremos sus datos personales durante:<\/p><ul><li>el per\u00edodo establecido por la ley; o<\/li><li>el per\u00edodo necesario para que cumplamos con nuestras obligaciones. La mayor\u00eda de los datos personales recopilados en relaci\u00f3n con un cliente espec\u00edfico se mantienen durante la duraci\u00f3n la relaci\u00f3n contractual con dicho cliente el periodo que se establece fiscalmente despu\u00e9s del final de la relaci\u00f3n contractual o seg\u00fan lo requiera la ley aplicable.<\/li><\/ul><p>\u00a0<\/p><p><strong>\u00bfCU\u00c1LES SON SUS DERECHOS Y C\u00d3MO PUEDE EJERCERLOS?<\/strong><\/p><p>En funci\u00f3n de las leyes de protecci\u00f3n de datos que se apliquen, usted tiene ciertos derechos con respecto a sus datos personales. De acuerdo con el Reglamento General de Protecci\u00f3n de Datos, usted puede ejercer los siguientes derechos:<\/p><ul><li><strong>Acceder:<\/strong>\u00a0puede obtener informaci\u00f3n relacionada con el tratamiento de sus datos personales y una copia de dichos datos personales.<\/li><li><strong>Rectificar:<\/strong>\u00a0si considera que sus datos personales son inexactos o est\u00e1n incompletos, puede solicitar que dichos datos personales se modifiquen.<\/li><li><strong>Cancelar:<\/strong>\u00a0puede requerir la eliminaci\u00f3n de sus datos personales, en la medida permitida por la ley.<\/li><li><strong>Limitar:<\/strong>\u00a0puede solicitar la limitaci\u00f3n del tratamiento de sus datos personales.<\/li><li><strong>Oponerse:<\/strong>\u00a0puede oponerse al tratamiento de sus datos personales, por motivos relacionados con su situaci\u00f3n particular. Usted tiene derecho a objetar sobre el tratamiento de sus datos personales con fines de marketing directo, lo que incluye la creaci\u00f3n de perfiles relacionados con dicha actividad.<\/li><li><strong>Retirar su consentimiento:<\/strong>\u00a0cuando haya otorgado su consentimiento para el tratamiento de sus datos personales, tiene derecho a retirar el mismo en cualquier momento.<\/li><li><strong>A la portabilidad de los datos:<\/strong>\u00a0cuando sea legal y t\u00e9cnicamente posible, usted tiene derecho a que se le devuelvan los datos personales que nos ha proporcionado o, cuando sea t\u00e9cnicamente posible, a un tercero.<\/li><\/ul><p>\u00a0<\/p><p>Si usted necesita m\u00e1s informaci\u00f3n, o si desea ejercer alguno de los derechos anteriormente mencionados, por favor env\u00ede un correo electr\u00f3nico a la direcci\u00f3n\u00a0<span id=\"cloake4266612486541f6f1d34943309f2912\"><a href=\"mailto:rgpd@amma-spain.org\">rgpd@amma-spain.org<\/a><\/span>. Por favor, incluya una copia de su Documento Nacional de Identidad para que podamos comprobar su identidad.<br \/>De conformidad con la normativa aplicable, adem\u00e1s de los derechos anteriores, tambi\u00e9n tiene derecho a presentar una queja ante la autoridad de control de protecci\u00f3n de datos de su pa\u00eds.<\/p><p>\u00a0<\/p><p><strong>\u00bfC\u00d3MO PUEDE SEGUIR LOS CAMBIOS QUE SE PRODUZCAN EN ESTA POL\u00cdTICA DE PRIVACIDAD?<\/strong><\/p><p>Dado que los cambios tecnol\u00f3gicos se producen constantemente, es posible que tengamos que actualizar peri\u00f3dicamente la presente Pol\u00edtica de Privacidad. Le invitamos a que compruebe peri\u00f3dicamente la \u00faltima versi\u00f3n de este aviso.<br \/>Igualmente, le informaremos de cualquier cambio significativo a trav\u00e9s de nuestra p\u00e1gina web o a trav\u00e9s de nuestros canales de comunicaci\u00f3n habituales.<\/p><p>\u00a0<\/p><p><strong>\u00bfC\u00d3MO PUEDE CONTACTAR CON NOSOTROS?<\/strong><\/p><p>Si tiene alguna pregunta relacionada con el tratamiento de sus datos personales, sobre la presente Pol\u00edtica de protecci\u00f3n de datos, o si desea una copia del mismo en su idioma, por favor, p\u00f3ngase en contacto con nosotros.<\/p><p>Asimismo, para cualquier duda que pueda tener, as\u00ed como para ejercer sus derechos, por favor env\u00ede una solicitud:<\/p><ul><li>Por email a\u00a0<span id=\"cloak5dd45c6b6a162754c3ed3e30b33d39d3\"><a href=\"mailto:rgpd@amma-spain.org\">rgpd@amma-spain.org<\/a><\/span><\/li><li>Por carta a:<p>FUNDACION M.A. CENTER SPAIN<br \/>Mas\u00eda Can Creixell &#8211; Centro AMMA<br \/>08784 \u2013 Piera<br \/>Barcelona<\/p><\/li><\/ul><p>\u00a0<\/p><p><strong>POL\u00cdTICA DE COOKIES<\/strong><\/p><p>El presente SITIO WEB utiliza cookies, que son peque\u00f1os ficheros que se descargan en su ordenador al acceder a determinadas p\u00e1ginas web. Las cookies permiten a una p\u00e1gina web, entre otras cosas, almacenar y recuperar informaci\u00f3n sobre los h\u00e1bitos de navegaci\u00f3n de un usuario o de su equipo y, dependiendo de la informaci\u00f3n que contengan y de la forma en que utilice su equipo, pueden utilizarse para reconocer al usuario. La Web hace uso de Google Analytics, un servicio de anal\u00edtica de Google, Inc. (\u201cGoogle\u201d) y del Social Plugin de Facebook, Inc. (\u201cFacebook\u201d).<\/p><p>Google Analytics utiliza cookies, archivos de texto ubicados en tu ordenador, con el objetivo de llevar a cabo una anal\u00edtica Web acerca del modo de uso de los usuarios de la Web. La informaci\u00f3n generada por la cookie acerca de tu uso de la Web (incluyendo tu direcci\u00f3n IP), ser\u00e1 transmitida y almacenada por Google en los servidores de internet de Estados Unidos. Google no asociar\u00e1 su direcci\u00f3n IP con ning\u00fan otro dato del que disponga Google.<\/p><p>Puede Usted rechazar el tratamiento de los datos o la informaci\u00f3n rechazando el uso de cookies mediante la selecci\u00f3n de la configuraci\u00f3n apropiada de su navegador, sin embargo, debe Usted saber que si lo hace puede ser que no pueda usar la plena funcionalidad de este website.<\/p><p>Para m\u00e1s informaci\u00f3n sobre Google Analytics pulse aqu\u00ed:<br \/><a href=\"https:\/\/policies.google.com\/technologies\/partner-sites?hl=es\" target=\"_blank\" rel=\"noopener\">https:\/\/developers.google.com\/analytics\/devgui des\/collection\/analyticsjs\/cookie-usage<\/a><\/p><p>Adem\u00e1s, usted puede impedir el registro de los datos facilitados por la cookie a Google referentes al uso del sitio web (incluida su direcci\u00f3n IP), as\u00ed como el procesamiento de estos datos por parte de Google descargando e instal\u00e1ndose en su ordenador el plug-in de navegador disponible a trav\u00e9s del siguiente enlace:<br \/><a href=\"https:\/\/tools.google.com\/dlpage\/gaoptout?hl=e%20s\" target=\"_blank\" rel=\"noopener\">https:\/\/tools.google.com\/dlpage\/gaoptout?hl=e%20s<\/a><\/p><p>Puede usted permitir, bloquear o eliminar las cookies instaladas en su equipo mediante la configuraci\u00f3n de las opciones del navegador instalado en su ordenador.<\/p><p>Para m\u00e1s informaci\u00f3n sobre Firefox pulse aqu\u00ed:\u00a0<a href=\"https:\/\/support.mozilla.org\/es\/kb\/cookies-informacion-que-los-sitios-web-guardan-en-?redirectlocale=en-US&amp;redirectslug=Cookies%22\" target=\"_blank\" rel=\"noopener\">http:\/\/support.mozilla.org\/es\/kb\/cookiesinformacion-que-los-sitios-web-guardan-en-#w_configurar-las-cookies<\/a><br \/>Para m\u00e1s informaci\u00f3n sobre Chrome pulse aqu\u00ed:\u00a0<a href=\"http:\/\/support.google.com\/chrome\/bin\/answer.%20py?hl=es&amp;answer=95647\" target=\"_blank\" rel=\"noopener\">http:\/\/support.google.com\/chrome\/bin\/answer. py?hl=es&amp;answer=95647<\/a><br \/>Para m\u00e1s informaci\u00f3n sobre Explorer pulse aqu\u00ed:\u00a0<a href=\"http:\/\/windows.microsoft.com\/eses\/%20windows7\/how-to-manage-cookies-ininternet-%20explorer-9\" target=\"_blank\" rel=\"noopener\">http:\/\/windows.microsoft.com\/eses\/ windows7\/how-to-manage-cookies-ininternet- explorer-9<\/a><br \/>Para m\u00e1s informaci\u00f3n sobre Safari pulse aqu\u00ed:\u00a0<a href=\"http:\/\/support.apple.com\/kb\/ph5042\" target=\"_blank\" rel=\"noopener\">http:\/\/support.apple.com\/kb\/ph5042<\/a><br \/>Para m\u00e1s informaci\u00f3n sobre Opera pulse aqu\u00ed:\u00a0<a href=\"http:\/\/help.opera.com\/Windows\/11.50\/es-%20ES\/cookies.html\" target=\"_blank\" rel=\"noopener\">http:\/\/help.opera.com\/Windows\/11.50\/es-%20ES\/cookies.html<\/a><\/p><p>La utilizaci\u00f3n de las cookies ofrece numerosas ventajas en la prestaci\u00f3n de servicios de la sociedad de la informaci\u00f3n, puesto que, entre otras:<\/p><ul><li>facilita al usuario la navegaci\u00f3n en el Sitio Web y el acceso a los diferentes servicios que ofrece;<\/li><li>evita al usuario configurar las caracter\u00edsticas generales predefinidas cada vez que accede al Sitio Web;<\/li><li>favorece la mejora del funcionamiento y de los servicios prestados a trav\u00e9s del Sitio Web, tras el correspondiente an\u00e1lisis de la informaci\u00f3n obtenida a trav\u00e9s de las cookies instaladas.<\/li><\/ul><p>La FUNDACION M.A. CENTER SPAIN utiliza en su Sitio Web cookies de an\u00e1lisis, que permiten el seguimiento y an\u00e1lisis del comportamiento de los usuarios de los sitios web a los que est\u00e1n vinculados. En concreto, el Sitio Web almacena en el terminal del usuario las cookies \u00abanal\u00edticas\u00bb seg\u00fan la clasificaci\u00f3n de la tabla siguiente. El usuario podr\u00e1 excluir su actividad individual mediante los sistemas de exclusi\u00f3n facilitados por los navegadores.<\/p><p>Las cookies incorporan un criterio de \u00abnivel de intrusividad\u00bb apoyado en una escala del 1 al 3, en la que:<\/p><ul><li><strong>Nivel 1:<\/strong>\u00a0se corresponde con cookies de uso interno imprescindibles para prestaci\u00f3n del propio servicio solicitado por el usuario.<\/li><li><strong>Nivel 2:<\/strong>\u00a0se corresponde con cookies an\u00f3nimas de uso interno necesarias para el mantenimiento de contenidos y navegaci\u00f3n, as\u00ed como a cookies gestionadas por terceros en el marco de servicios solicitados expresamente por el usuario en las webs de aquellos (ej.: Social Plugins de Facebook o Twitter). La FUNDACION M.A. CENTER SPAIN utiliza el Social Plugin de Facebook para ofrecerle enlaces a sus contenidos publicados en esta plataforma.<\/li><li><strong>Nivel 3:<\/strong>\u00a0se corresponde con cookies gestionadas por terceros en el marco de servicios no solicitados expresamente por el usuario, permitiendo su seguimiento a trav\u00e9s de webs de las que FUNDACION M.A. CENTER SPAIN no es titular (ej.: plataformas de gesti\u00f3n de publicidad gr\u00e1fica). La especificaci\u00f3n de este nivel viene acompa\u00f1ada de su titular. El uso de cookies de nivel 3 est\u00e1 sujeto al permiso previo del usuario mediante confirmaci\u00f3n expresa de su aceptaci\u00f3n. La FUNDACION M.A. CENTER SPAIN no utiliza este tipo de cookies.<\/li><\/ul>\t\t\t\t\t\t\t\t<\/div>\n\t\t\t\t<\/div>\n\t\t\t\t\t<\/div>\n\t\t<\/div>\n\t\t\t\t<div class=\"elementor-column elementor-col-16 elementor-top-column elementor-element elementor-element-7294217\" data-id=\"7294217\" data-element_type=\"column\">\n\t\t\t<div class=\"elementor-widget-wrap\">\n\t\t\t\t\t\t\t<\/div>\n\t\t<\/div>\n\t\t\t\t\t<\/div>\n\t\t<\/section>\n\t\t\t\t<\/div>\n\t\t","protected":false},"excerpt":{"rendered":"<p>Pol\u00edtica de Privacidad La protecci\u00f3n de sus datos personales es importante para nosotros, por ello la FUNDACI\u00d3N M.A. CENTER SPAIN ha adoptado una serie de medidas para la protecci\u00f3n de datos personales.Como responsables del tratamiento, recabamos y tratamos sus datos personales en relaci\u00f3n con nuestras actividades. El prop\u00f3sito de esta Pol\u00edtica de Protecci\u00f3n de Datos [&hellip;]<\/p>\n","protected":false},"author":2,"featured_media":0,"parent":0,"menu_order":0,"comment_status":"closed","ping_status":"closed","template":"","meta":{"footnotes":""},"class_list":["post-734","page","type-page","status-publish","hentry"],"_links":{"self":[{"href":"https:\/\/linea-apoyotelefonico.amma-spain.org\/index.php\/wp-json\/wp\/v2\/pages\/734","targetHints":{"allow":["GET"]}}],"collection":[{"href":"https:\/\/linea-apoyotelefonico.amma-spain.org\/index.php\/wp-json\/wp\/v2\/pages"}],"about":[{"href":"https:\/\/linea-apoyotelefonico.amma-spain.org\/index.php\/wp-json\/wp\/v2\/types\/page"}],"author":[{"embeddable":true,"href":"https:\/\/linea-apoyotelefonico.amma-spain.org\/index.php\/wp-json\/wp\/v2\/users\/2"}],"replies":[{"embeddable":true,"href":"https:\/\/linea-apoyotelefonico.amma-spain.org\/index.php\/wp-json\/wp\/v2\/comments?post=734"}],"version-history":[{"count":27,"href":"https:\/\/linea-apoyotelefonico.amma-spain.org\/index.php\/wp-json\/wp\/v2\/pages\/734\/revisions"}],"predecessor-version":[{"id":1302,"href":"https:\/\/linea-apoyotelefonico.amma-spain.org\/index.php\/wp-json\/wp\/v2\/pages\/734\/revisions\/1302"}],"wp:attachment":[{"href":"https:\/\/linea-apoyotelefonico.amma-spain.org\/index.php\/wp-json\/wp\/v2\/media?parent=734"}],"curies":[{"name":"wp","href":"https:\/\/api.w.org\/{rel}","templated":true}]}}