{"id":396,"date":"2021-12-01T17:17:08","date_gmt":"2021-12-01T17:17:08","guid":{"rendered":"https:\/\/linea-apoyotelefonico.amma-spain.org\/?page_id=396"},"modified":"2023-01-13T20:21:37","modified_gmt":"2023-01-13T20:21:37","slug":"como-funciona","status":"publish","type":"page","link":"https:\/\/linea-apoyotelefonico.amma-spain.org\/index.php\/como-funciona\/","title":{"rendered":"\u00bfC\u00f3mo funciona?"},"content":{"rendered":"\t\t<div data-elementor-type=\"wp-page\" data-elementor-id=\"396\" class=\"elementor elementor-396\">\n\t\t\t\t\t\t<section class=\"elementor-section elementor-top-section elementor-element elementor-element-a7b3900 elementor-section-boxed elementor-section-height-default elementor-section-height-default\" data-id=\"a7b3900\" data-element_type=\"section\" data-settings=\"{&quot;background_background&quot;:&quot;classic&quot;}\">\n\t\t\t\t\t\t<div class=\"elementor-container elementor-column-gap-wide\">\n\t\t\t\t\t<div class=\"elementor-column elementor-col-50 elementor-top-column elementor-element elementor-element-c027c65\" data-id=\"c027c65\" data-element_type=\"column\">\n\t\t\t<div class=\"elementor-widget-wrap elementor-element-populated\">\n\t\t\t\t\t\t<div class=\"elementor-element elementor-element-0a6dca7 elementor-widget elementor-widget-heading\" data-id=\"0a6dca7\" data-element_type=\"widget\" data-widget_type=\"heading.default\">\n\t\t\t\t<div class=\"elementor-widget-container\">\n\t\t\t\t\t<h2 class=\"elementor-heading-title elementor-size-default\">\u00bfC\u00f3mo funciona?<\/h2>\t\t\t\t<\/div>\n\t\t\t\t<\/div>\n\t\t\t\t<div class=\"elementor-element elementor-element-3de42d3 elementor-widget elementor-widget-image\" data-id=\"3de42d3\" data-element_type=\"widget\" data-widget_type=\"image.default\">\n\t\t\t\t<div class=\"elementor-widget-container\">\n\t\t\t\t\t\t\t\t\t\t\t\t\t\t\t<img fetchpriority=\"high\" decoding=\"async\" width=\"2000\" height=\"355\" src=\"https:\/\/linea-apoyotelefonico.amma-spain.org\/wp-content\/uploads\/2022\/07\/como-funciona-1-e1658757614465.png\" class=\"attachment-full size-full wp-image-1146\" alt=\"\" srcset=\"https:\/\/linea-apoyotelefonico.amma-spain.org\/wp-content\/uploads\/2022\/07\/como-funciona-1-e1658757614465.png 2000w, https:\/\/linea-apoyotelefonico.amma-spain.org\/wp-content\/uploads\/2022\/07\/como-funciona-1-e1658757614465-300x53.png 300w, https:\/\/linea-apoyotelefonico.amma-spain.org\/wp-content\/uploads\/2022\/07\/como-funciona-1-e1658757614465-1024x182.png 1024w, https:\/\/linea-apoyotelefonico.amma-spain.org\/wp-content\/uploads\/2022\/07\/como-funciona-1-e1658757614465-768x136.png 768w, https:\/\/linea-apoyotelefonico.amma-spain.org\/wp-content\/uploads\/2022\/07\/como-funciona-1-e1658757614465-1536x273.png 1536w, https:\/\/linea-apoyotelefonico.amma-spain.org\/wp-content\/uploads\/2022\/07\/como-funciona-1-e1658757614465-228x40.png 228w\" sizes=\"(max-width: 2000px) 100vw, 2000px\" \/>\t\t\t\t\t\t\t\t\t\t\t\t\t\t\t<\/div>\n\t\t\t\t<\/div>\n\t\t\t\t<div class=\"elementor-element elementor-element-dda2ce6 elementor-widget elementor-widget-image\" data-id=\"dda2ce6\" data-element_type=\"widget\" data-widget_type=\"image.default\">\n\t\t\t\t<div class=\"elementor-widget-container\">\n\t\t\t\t\t\t\t\t\t\t\t\t\t\t\t<img decoding=\"async\" width=\"800\" height=\"200\" src=\"https:\/\/linea-apoyotelefonico.amma-spain.org\/wp-content\/uploads\/2022\/07\/2como-funciona-1024x256.png\" class=\"attachment-large size-large wp-image-1159\" alt=\"\" srcset=\"https:\/\/linea-apoyotelefonico.amma-spain.org\/wp-content\/uploads\/2022\/07\/2como-funciona-1024x256.png 1024w, https:\/\/linea-apoyotelefonico.amma-spain.org\/wp-content\/uploads\/2022\/07\/2como-funciona-300x75.png 300w, https:\/\/linea-apoyotelefonico.amma-spain.org\/wp-content\/uploads\/2022\/07\/2como-funciona-768x192.png 768w, https:\/\/linea-apoyotelefonico.amma-spain.org\/wp-content\/uploads\/2022\/07\/2como-funciona-1536x384.png 1536w, https:\/\/linea-apoyotelefonico.amma-spain.org\/wp-content\/uploads\/2022\/07\/2como-funciona-228x57.png 228w, https:\/\/linea-apoyotelefonico.amma-spain.org\/wp-content\/uploads\/2022\/07\/2como-funciona.png 2000w\" sizes=\"(max-width: 800px) 100vw, 800px\" \/>\t\t\t\t\t\t\t\t\t\t\t\t\t\t\t<\/div>\n\t\t\t\t<\/div>\n\t\t\t\t<div class=\"elementor-element elementor-element-3c757be elementor-widget elementor-widget-image\" data-id=\"3c757be\" data-element_type=\"widget\" data-widget_type=\"image.default\">\n\t\t\t\t<div class=\"elementor-widget-container\">\n\t\t\t\t\t\t\t\t\t\t\t\t\t\t\t<img decoding=\"async\" width=\"800\" height=\"200\" src=\"https:\/\/linea-apoyotelefonico.amma-spain.org\/wp-content\/uploads\/2022\/07\/3como-funciona-1024x256.png\" class=\"attachment-large size-large wp-image-1163\" alt=\"\" srcset=\"https:\/\/linea-apoyotelefonico.amma-spain.org\/wp-content\/uploads\/2022\/07\/3como-funciona-1024x256.png 1024w, https:\/\/linea-apoyotelefonico.amma-spain.org\/wp-content\/uploads\/2022\/07\/3como-funciona-300x75.png 300w, https:\/\/linea-apoyotelefonico.amma-spain.org\/wp-content\/uploads\/2022\/07\/3como-funciona-768x192.png 768w, https:\/\/linea-apoyotelefonico.amma-spain.org\/wp-content\/uploads\/2022\/07\/3como-funciona-1536x384.png 1536w, https:\/\/linea-apoyotelefonico.amma-spain.org\/wp-content\/uploads\/2022\/07\/3como-funciona-228x57.png 228w, https:\/\/linea-apoyotelefonico.amma-spain.org\/wp-content\/uploads\/2022\/07\/3como-funciona.png 2000w\" sizes=\"(max-width: 800px) 100vw, 800px\" \/>\t\t\t\t\t\t\t\t\t\t\t\t\t\t\t<\/div>\n\t\t\t\t<\/div>\n\t\t\t\t\t<\/div>\n\t\t<\/div>\n\t\t\t\t<div class=\"elementor-column elementor-col-50 elementor-top-column elementor-element elementor-element-32e906a\" data-id=\"32e906a\" data-element_type=\"column\">\n\t\t\t<div class=\"elementor-widget-wrap\">\n\t\t\t\t\t\t\t<\/div>\n\t\t<\/div>\n\t\t\t\t\t<\/div>\n\t\t<\/section>\n\t\t\t\t<section class=\"elementor-section elementor-top-section elementor-element elementor-element-87a7639 elementor-section-boxed elementor-section-height-default elementor-section-height-default\" data-id=\"87a7639\" data-element_type=\"section\" data-settings=\"{&quot;background_background&quot;:&quot;classic&quot;}\">\n\t\t\t\t\t\t<div class=\"elementor-container elementor-column-gap-wide\">\n\t\t\t\t\t<div class=\"elementor-column elementor-col-100 elementor-top-column elementor-element elementor-element-15ef8fb\" data-id=\"15ef8fb\" data-element_type=\"column\">\n\t\t\t<div class=\"elementor-widget-wrap elementor-element-populated\">\n\t\t\t\t\t\t<div class=\"elementor-element elementor-element-ca2b655 elementor-widget elementor-widget-spacer\" data-id=\"ca2b655\" data-element_type=\"widget\" data-widget_type=\"spacer.default\">\n\t\t\t\t<div class=\"elementor-widget-container\">\n\t\t\t\t\t\t\t<div class=\"elementor-spacer\">\n\t\t\t<div class=\"elementor-spacer-inner\"><\/div>\n\t\t<\/div>\n\t\t\t\t\t\t<\/div>\n\t\t\t\t<\/div>\n\t\t\t\t\t<\/div>\n\t\t<\/div>\n\t\t\t\t\t<\/div>\n\t\t<\/section>\n\t\t\t\t<section class=\"elementor-section elementor-top-section elementor-element elementor-element-90d04c4 elementor-section-boxed elementor-section-height-default elementor-section-height-default\" data-id=\"90d04c4\" data-element_type=\"section\" data-settings=\"{&quot;background_background&quot;:&quot;classic&quot;}\">\n\t\t\t\t\t\t<div class=\"elementor-container elementor-column-gap-wide\">\n\t\t\t\t\t<div class=\"elementor-column elementor-col-33 elementor-top-column elementor-element elementor-element-8f96d5a\" data-id=\"8f96d5a\" data-element_type=\"column\">\n\t\t\t<div class=\"elementor-widget-wrap elementor-element-populated\">\n\t\t\t\t\t\t<div class=\"elementor-element elementor-element-94a0a9d elementor-widget elementor-widget-image\" data-id=\"94a0a9d\" data-element_type=\"widget\" data-widget_type=\"image.default\">\n\t\t\t\t<div class=\"elementor-widget-container\">\n\t\t\t\t\t\t\t\t\t\t\t\t\t\t\t<img loading=\"lazy\" decoding=\"async\" width=\"150\" height=\"150\" src=\"https:\/\/linea-apoyotelefonico.amma-spain.org\/wp-content\/uploads\/2022\/07\/1-icono-como-funciona-150x150.png\" class=\"attachment-thumbnail size-thumbnail wp-image-985\" alt=\"\" srcset=\"https:\/\/linea-apoyotelefonico.amma-spain.org\/wp-content\/uploads\/2022\/07\/1-icono-como-funciona-150x150.png 150w, https:\/\/linea-apoyotelefonico.amma-spain.org\/wp-content\/uploads\/2022\/07\/1-icono-como-funciona-300x300.png 300w, https:\/\/linea-apoyotelefonico.amma-spain.org\/wp-content\/uploads\/2022\/07\/1-icono-como-funciona-116x116.png 116w, https:\/\/linea-apoyotelefonico.amma-spain.org\/wp-content\/uploads\/2022\/07\/1-icono-como-funciona.png 591w\" sizes=\"(max-width: 150px) 100vw, 150px\" \/>\t\t\t\t\t\t\t\t\t\t\t\t\t\t\t<\/div>\n\t\t\t\t<\/div>\n\t\t\t\t<div class=\"elementor-element elementor-element-6e63a92 elementor-widget elementor-widget-text-editor\" data-id=\"6e63a92\" data-element_type=\"widget\" data-widget_type=\"text-editor.default\">\n\t\t\t\t<div class=\"elementor-widget-container\">\n\t\t\t\t\t\t\t\t\t<p><span class=\"JsGRdQ\">Este servicio est\u00e1 dirigido a toda persona <\/span><strong><span class=\"JsGRdQ\">mayor de 18 a\u00f1os<\/span><\/strong><span class=\"JsGRdQ\"> que crea poder beneficiarse de \u00e9l.<\/span><\/p>\t\t\t\t\t\t\t\t<\/div>\n\t\t\t\t<\/div>\n\t\t\t\t\t<\/div>\n\t\t<\/div>\n\t\t\t\t<div class=\"elementor-column elementor-col-33 elementor-top-column elementor-element elementor-element-3c78dc4\" data-id=\"3c78dc4\" data-element_type=\"column\">\n\t\t\t<div class=\"elementor-widget-wrap elementor-element-populated\">\n\t\t\t\t\t\t<div class=\"elementor-element elementor-element-103e923 elementor-widget elementor-widget-image\" data-id=\"103e923\" data-element_type=\"widget\" data-widget_type=\"image.default\">\n\t\t\t\t<div class=\"elementor-widget-container\">\n\t\t\t\t\t\t\t\t\t\t\t\t\t\t\t<img loading=\"lazy\" decoding=\"async\" width=\"150\" height=\"150\" src=\"https:\/\/linea-apoyotelefonico.amma-spain.org\/wp-content\/uploads\/2022\/07\/2-icono-como-funciona-150x150.png\" class=\"attachment-thumbnail size-thumbnail wp-image-986\" alt=\"\" srcset=\"https:\/\/linea-apoyotelefonico.amma-spain.org\/wp-content\/uploads\/2022\/07\/2-icono-como-funciona-150x150.png 150w, https:\/\/linea-apoyotelefonico.amma-spain.org\/wp-content\/uploads\/2022\/07\/2-icono-como-funciona-300x300.png 300w, https:\/\/linea-apoyotelefonico.amma-spain.org\/wp-content\/uploads\/2022\/07\/2-icono-como-funciona-116x116.png 116w, https:\/\/linea-apoyotelefonico.amma-spain.org\/wp-content\/uploads\/2022\/07\/2-icono-como-funciona.png 591w\" sizes=\"(max-width: 150px) 100vw, 150px\" \/>\t\t\t\t\t\t\t\t\t\t\t\t\t\t\t<\/div>\n\t\t\t\t<\/div>\n\t\t\t\t<div class=\"elementor-element elementor-element-328d0e2 elementor-widget elementor-widget-text-editor\" data-id=\"328d0e2\" data-element_type=\"widget\" data-widget_type=\"text-editor.default\">\n\t\t\t\t<div class=\"elementor-widget-container\">\n\t\t\t\t\t\t\t\t\t<p class=\"_04xlpA direction-ltr align-center para-style-body\"><span class=\"JsGRdQ\">Todas las voluntarias y voluntarios que trabajamos en la<\/span><strong><span class=\"JsGRdQ\"> L\u00ednea de Apoyo Telef\u00f3nico tenemos formaci\u00f3n en t\u00e9cnicas de escucha, comunicaci\u00f3n y relaci\u00f3n de apoyo.<\/span><\/strong><\/p><p class=\"_04xlpA direction-ltr align-center para-style-body\"><span class=\"JsGRdQ\">Por favor, ten en cuenta que <\/span><strong><span class=\"JsGRdQ\">no podemos proporcionar consejo profesional, m\u00e9dico o psicol\u00f3gico.<\/span><\/strong><\/p>\t\t\t\t\t\t\t\t<\/div>\n\t\t\t\t<\/div>\n\t\t\t\t\t<\/div>\n\t\t<\/div>\n\t\t\t\t<div class=\"elementor-column elementor-col-33 elementor-top-column elementor-element elementor-element-6ff43fb\" data-id=\"6ff43fb\" data-element_type=\"column\">\n\t\t\t<div class=\"elementor-widget-wrap elementor-element-populated\">\n\t\t\t\t\t\t<div class=\"elementor-element elementor-element-da88b51 elementor-widget elementor-widget-image\" data-id=\"da88b51\" data-element_type=\"widget\" data-widget_type=\"image.default\">\n\t\t\t\t<div class=\"elementor-widget-container\">\n\t\t\t\t\t\t\t\t\t\t\t\t\t\t\t<img loading=\"lazy\" decoding=\"async\" width=\"150\" height=\"150\" src=\"https:\/\/linea-apoyotelefonico.amma-spain.org\/wp-content\/uploads\/2022\/07\/3-icono-como-funciona-150x150.png\" class=\"attachment-thumbnail size-thumbnail wp-image-987\" alt=\"\" srcset=\"https:\/\/linea-apoyotelefonico.amma-spain.org\/wp-content\/uploads\/2022\/07\/3-icono-como-funciona-150x150.png 150w, https:\/\/linea-apoyotelefonico.amma-spain.org\/wp-content\/uploads\/2022\/07\/3-icono-como-funciona-300x300.png 300w, https:\/\/linea-apoyotelefonico.amma-spain.org\/wp-content\/uploads\/2022\/07\/3-icono-como-funciona-116x116.png 116w, https:\/\/linea-apoyotelefonico.amma-spain.org\/wp-content\/uploads\/2022\/07\/3-icono-como-funciona.png 591w\" sizes=\"(max-width: 150px) 100vw, 150px\" \/>\t\t\t\t\t\t\t\t\t\t\t\t\t\t\t<\/div>\n\t\t\t\t<\/div>\n\t\t\t\t<div class=\"elementor-element elementor-element-136dac6 elementor-widget elementor-widget-text-editor\" data-id=\"136dac6\" data-element_type=\"widget\" data-widget_type=\"text-editor.default\">\n\t\t\t\t<div class=\"elementor-widget-container\">\n\t\t\t\t\t\t\t\t\t<p><span class=\"JsGRdQ\">Garantizamos la confidencialidad y <\/span><strong><span class=\"JsGRdQ\">cumplimos con la<a href=\"https:\/\/linea-apoyotelefonico.amma-spain.org\/index.php\/politica-privacidad\/\" target=\"_blank\" rel=\"noopener\"> Ley de Privacidad y de Protecci\u00f3n de Datos<\/a>.<\/span><\/strong><\/p>\t\t\t\t\t\t\t\t<\/div>\n\t\t\t\t<\/div>\n\t\t\t\t\t<\/div>\n\t\t<\/div>\n\t\t\t\t\t<\/div>\n\t\t<\/section>\n\t\t\t\t<\/div>\n\t\t","protected":false},"excerpt":{"rendered":"<p>\u00bfC\u00f3mo funciona? Este servicio est\u00e1 dirigido a toda persona mayor de 18 a\u00f1os que crea poder beneficiarse de \u00e9l. Todas las voluntarias y voluntarios que trabajamos en la L\u00ednea de Apoyo Telef\u00f3nico tenemos formaci\u00f3n en t\u00e9cnicas de escucha, comunicaci\u00f3n y relaci\u00f3n de apoyo. Por favor, ten en cuenta que no podemos proporcionar consejo profesional, m\u00e9dico [&hellip;]<\/p>\n","protected":false},"author":2,"featured_media":0,"parent":0,"menu_order":0,"comment_status":"closed","ping_status":"closed","template":"","meta":{"footnotes":""},"class_list":["post-396","page","type-page","status-publish","hentry"],"_links":{"self":[{"href":"https:\/\/linea-apoyotelefonico.amma-spain.org\/index.php\/wp-json\/wp\/v2\/pages\/396","targetHints":{"allow":["GET"]}}],"collection":[{"href":"https:\/\/linea-apoyotelefonico.amma-spain.org\/index.php\/wp-json\/wp\/v2\/pages"}],"about":[{"href":"https:\/\/linea-apoyotelefonico.amma-spain.org\/index.php\/wp-json\/wp\/v2\/types\/page"}],"author":[{"embeddable":true,"href":"https:\/\/linea-apoyotelefonico.amma-spain.org\/index.php\/wp-json\/wp\/v2\/users\/2"}],"replies":[{"embeddable":true,"href":"https:\/\/linea-apoyotelefonico.amma-spain.org\/index.php\/wp-json\/wp\/v2\/comments?post=396"}],"version-history":[{"count":117,"href":"https:\/\/linea-apoyotelefonico.amma-spain.org\/index.php\/wp-json\/wp\/v2\/pages\/396\/revisions"}],"predecessor-version":[{"id":2137,"href":"https:\/\/linea-apoyotelefonico.amma-spain.org\/index.php\/wp-json\/wp\/v2\/pages\/396\/revisions\/2137"}],"wp:attachment":[{"href":"https:\/\/linea-apoyotelefonico.amma-spain.org\/index.php\/wp-json\/wp\/v2\/media?parent=396"}],"curies":[{"name":"wp","href":"https:\/\/api.w.org\/{rel}","templated":true}]}}